{"id":212,"date":"2020-08-17T14:28:42","date_gmt":"2020-08-17T14:28:42","guid":{"rendered":"https:\/\/www.3tbaltic.eu\/kus-me-tegutseme\/"},"modified":"2020-08-19T14:23:01","modified_gmt":"2020-08-19T14:23:01","slug":"kus-me-tegutseme","status":"publish","type":"page","link":"https:\/\/www.3tbaltic.eu\/et\/kus-me-tegutseme\/","title":{"rendered":"Kus me tegutseme?"},"content":{"rendered":"\n<h4 class=\"text-bg wp-block-heading\">Balti riigid<\/h4>\n\n\n\n<p>T\u00e4nu oma ligikaudu 100 edasim\u00fc\u00fcjast koosnevale riigi\u00fclesele v\u00f5rgustikule pakume klientidele v\u00f5imalust kasutada meie teenuseid k\u00f5ikides m\u00fc\u00fcgipunktides kogu Baltikumis. Tagame reaalajas tagasiside ja pakume lahendusi \u00fches riigis konkreetsete n\u00f5uete v\u00f5i globaalsemate vajadustega klientidele.<\/p>\n","protected":false},"excerpt":{"rendered":"<p>Balti riigid T\u00e4nu oma ligikaudu 100 edasim\u00fc\u00fcjast koosnevale riigi\u00fclesele v\u00f5rgustikule pakume klientidele v\u00f5imalust kasutada meie teenuseid k\u00f5ikides m\u00fc\u00fcgipunktides kogu Baltikumis. Tagame reaalajas tagasiside ja pakume lahendusi \u00fches riigis konkreetsete n\u00f5uete v\u00f5i globaalsemate vajadustega klientidele.<\/p>\n","protected":false},"author":3,"featured_media":604,"parent":0,"menu_order":0,"comment_status":"closed","ping_status":"closed","template":"where-we-work.php","meta":{"_acf_changed":false,"footnotes":""},"class_list":["post-212","page","type-page","status-publish","has-post-thumbnail","hentry"],"acf":[],"_links":{"self":[{"href":"https:\/\/www.3tbaltic.eu\/et\/wp-json\/wp\/v2\/pages\/212","targetHints":{"allow":["GET"]}}],"collection":[{"href":"https:\/\/www.3tbaltic.eu\/et\/wp-json\/wp\/v2\/pages"}],"about":[{"href":"https:\/\/www.3tbaltic.eu\/et\/wp-json\/wp\/v2\/types\/page"}],"author":[{"embeddable":true,"href":"https:\/\/www.3tbaltic.eu\/et\/wp-json\/wp\/v2\/users\/3"}],"replies":[{"embeddable":true,"href":"https:\/\/www.3tbaltic.eu\/et\/wp-json\/wp\/v2\/comments?post=212"}],"version-history":[{"count":7,"href":"https:\/\/www.3tbaltic.eu\/et\/wp-json\/wp\/v2\/pages\/212\/revisions"}],"predecessor-version":[{"id":614,"href":"https:\/\/www.3tbaltic.eu\/et\/wp-json\/wp\/v2\/pages\/212\/revisions\/614"}],"wp:featuredmedia":[{"embeddable":true,"href":"https:\/\/www.3tbaltic.eu\/et\/wp-json\/wp\/v2\/media\/604"}],"wp:attachment":[{"href":"https:\/\/www.3tbaltic.eu\/et\/wp-json\/wp\/v2\/media?parent=212"}],"curies":[{"name":"wp","href":"https:\/\/api.w.org\/{rel}","templated":true}]}}