{"id":394,"date":"2020-08-17T09:19:56","date_gmt":"2020-08-17T09:19:56","guid":{"rendered":"https:\/\/www.3tbaltic.eu\/who-we-are-2\/"},"modified":"2020-09-08T06:19:54","modified_gmt":"2020-09-08T06:19:54","slug":"kes-me-oleme","status":"publish","type":"page","link":"https:\/\/www.3tbaltic.eu\/et\/kes-me-oleme\/","title":{"rendered":"Kes me oleme?"},"content":{"rendered":"\n<p>Me oleme tarbekaupade sektoris tegutsev turustamisteenuste ettev\u00f5te, mis pakub klientidele pidevalt muutuvas maailmas kiiremaks kasvuks nutikamaid lahendusi. Me viime tarbijad kaubam\u00e4rkideni, kliendid tarbijateni, inimesed v\u00f5imalusteni ja muudame teadmised ideedeks. Ketipoodidest nurgapoodideni \u2013 oleme partner, keda v\u00f5ib projekti sobivas elluviimises usaldada.<\/p>\n","protected":false},"excerpt":{"rendered":"<p>Me oleme tarbekaupade sektoris tegutsev turustamisteenuste ettev\u00f5te, mis pakub klientidele pidevalt muutuvas maailmas kiiremaks kasvuks nutikamaid lahendusi. Me viime tarbijad kaubam\u00e4rkideni, kliendid tarbijateni, inimesed v\u00f5imalusteni ja muudame teadmised ideedeks. Ketipoodidest nurgapoodideni \u2013 oleme partner, keda v\u00f5ib projekti sobivas elluviimises usaldada.<\/p>\n","protected":false},"author":3,"featured_media":179,"parent":0,"menu_order":0,"comment_status":"closed","ping_status":"closed","template":"who-we-are.php","meta":{"_acf_changed":false,"footnotes":""},"class_list":["post-394","page","type-page","status-publish","has-post-thumbnail","hentry"],"acf":[],"_links":{"self":[{"href":"https:\/\/www.3tbaltic.eu\/et\/wp-json\/wp\/v2\/pages\/394","targetHints":{"allow":["GET"]}}],"collection":[{"href":"https:\/\/www.3tbaltic.eu\/et\/wp-json\/wp\/v2\/pages"}],"about":[{"href":"https:\/\/www.3tbaltic.eu\/et\/wp-json\/wp\/v2\/types\/page"}],"author":[{"embeddable":true,"href":"https:\/\/www.3tbaltic.eu\/et\/wp-json\/wp\/v2\/users\/3"}],"replies":[{"embeddable":true,"href":"https:\/\/www.3tbaltic.eu\/et\/wp-json\/wp\/v2\/comments?post=394"}],"version-history":[{"count":1,"href":"https:\/\/www.3tbaltic.eu\/et\/wp-json\/wp\/v2\/pages\/394\/revisions"}],"predecessor-version":[{"id":399,"href":"https:\/\/www.3tbaltic.eu\/et\/wp-json\/wp\/v2\/pages\/394\/revisions\/399"}],"wp:featuredmedia":[{"embeddable":true,"href":"https:\/\/www.3tbaltic.eu\/et\/wp-json\/wp\/v2\/media\/179"}],"wp:attachment":[{"href":"https:\/\/www.3tbaltic.eu\/et\/wp-json\/wp\/v2\/media?parent=394"}],"curies":[{"name":"wp","href":"https:\/\/api.w.org\/{rel}","templated":true}]}}