{"id":396,"date":"2020-08-17T09:19:56","date_gmt":"2020-08-17T09:19:56","guid":{"rendered":"https:\/\/www.3tbaltic.eu\/who-we-are-2\/"},"modified":"2020-10-13T11:59:52","modified_gmt":"2020-10-13T11:59:52","slug":"kas-mes-esame","status":"publish","type":"page","link":"https:\/\/www.3tbaltic.eu\/lt\/kas-mes-esame\/","title":{"rendered":"Kas mes esame?"},"content":{"rendered":"\n<p>Mes esame Preki\u0173 prie\u017ei\u016bros paslaug\u0173 \u012fmon\u0117, kuri teikia \u0161iuolaiki\u0161kus sprendimus klientams ir padeda u\u017etikrinti spartesn\u012f augim\u0105 nuolat besikei\u010dian\u010diame pasaulyje. Mes sujungiame vartotojus su prek\u0117s \u017eenklais, klientus su pirk\u0117jais, \u012f\u017evalgas su id\u0117jomis, o \u017emones su galimyb\u0117mis. Nuo parduotuvi\u0173 tinklo iki j\u016bs\u0173 kaimynyst\u0117je esan\u010dios maisto preki\u0173 parduotuv\u0117s \u2013 mes esame partneriai, kuriais galite pasitik\u0117ti, kad \u012fgyvendintum\u0117te savo projektus.<\/p>\n","protected":false},"excerpt":{"rendered":"<p>Mes esame Preki\u0173 prie\u017ei\u016bros paslaug\u0173 \u012fmon\u0117, kuri teikia \u0161iuolaiki\u0161kus sprendimus klientams ir padeda u\u017etikrinti spartesn\u012f augim\u0105 nuolat besikei\u010dian\u010diame pasaulyje. Mes sujungiame vartotojus su prek\u0117s \u017eenklais, klientus su pirk\u0117jais, \u012f\u017evalgas su id\u0117jomis, o \u017emones su galimyb\u0117mis. Nuo parduotuvi\u0173 tinklo iki j\u016bs\u0173 kaimynyst\u0117je esan\u010dios maisto preki\u0173 parduotuv\u0117s \u2013 mes esame partneriai, kuriais galite pasitik\u0117ti, kad \u012fgyvendintum\u0117te savo [&hellip;]<\/p>\n","protected":false},"author":3,"featured_media":183,"parent":0,"menu_order":0,"comment_status":"closed","ping_status":"closed","template":"who-we-are.php","meta":{"_acf_changed":false,"footnotes":""},"class_list":["post-396","page","type-page","status-publish","has-post-thumbnail","hentry"],"acf":[],"_links":{"self":[{"href":"https:\/\/www.3tbaltic.eu\/lt\/wp-json\/wp\/v2\/pages\/396","targetHints":{"allow":["GET"]}}],"collection":[{"href":"https:\/\/www.3tbaltic.eu\/lt\/wp-json\/wp\/v2\/pages"}],"about":[{"href":"https:\/\/www.3tbaltic.eu\/lt\/wp-json\/wp\/v2\/types\/page"}],"author":[{"embeddable":true,"href":"https:\/\/www.3tbaltic.eu\/lt\/wp-json\/wp\/v2\/users\/3"}],"replies":[{"embeddable":true,"href":"https:\/\/www.3tbaltic.eu\/lt\/wp-json\/wp\/v2\/comments?post=396"}],"version-history":[{"count":1,"href":"https:\/\/www.3tbaltic.eu\/lt\/wp-json\/wp\/v2\/pages\/396\/revisions"}],"predecessor-version":[{"id":405,"href":"https:\/\/www.3tbaltic.eu\/lt\/wp-json\/wp\/v2\/pages\/396\/revisions\/405"}],"wp:featuredmedia":[{"embeddable":true,"href":"https:\/\/www.3tbaltic.eu\/lt\/wp-json\/wp\/v2\/media\/183"}],"wp:attachment":[{"href":"https:\/\/www.3tbaltic.eu\/lt\/wp-json\/wp\/v2\/media?parent=396"}],"curies":[{"name":"wp","href":"https:\/\/api.w.org\/{rel}","templated":true}]}}