{"id":210,"date":"2020-08-17T14:28:13","date_gmt":"2020-08-17T14:28:13","guid":{"rendered":"https:\/\/www.3tbaltic.eu\/kur-mes-stradajam\/"},"modified":"2020-08-19T14:24:29","modified_gmt":"2020-08-19T14:24:29","slug":"kur-mes-stradajam","status":"publish","type":"page","link":"https:\/\/www.3tbaltic.eu\/lv\/kur-mes-stradajam\/","title":{"rendered":"Kur m\u0113s str\u0101d\u0101jam?"},"content":{"rendered":"\n<h4 class=\"text-bg wp-block-heading\">Baltijas valstis<\/h4>\n\n\n\n<p>M\u016bsu t\u012bkls aptver ap 100 mer\u010dendaizeru vis\u0101 valsts teritorij\u0101. M\u0113s pied\u0101v\u0101jam saviem klientiem iesp\u0113ju sasniegt jebkuru tirdzniec\u012bbas vietu  vis\u0101 Baltijas re\u0123ion\u0101.  \nM\u0113s nodro\u0161in\u0101m atgriezenisko saiti faktiskaj\u0101 laik\u0101 un pied\u0101v\u0101jam risin\u0101jumus klientu specifiskaj\u0101m pras\u012bb\u0101m konkr\u0113taj\u0101 valst\u012b vai starptautiski. \n<\/p>\n","protected":false},"excerpt":{"rendered":"<p>Baltijas valstis M\u016bsu t\u012bkls aptver ap 100 mer\u010dendaizeru vis\u0101 valsts teritorij\u0101. M\u0113s pied\u0101v\u0101jam saviem klientiem iesp\u0113ju sasniegt jebkuru tirdzniec\u012bbas vietu vis\u0101 Baltijas re\u0123ion\u0101. M\u0113s nodro\u0161in\u0101m atgriezenisko saiti faktiskaj\u0101 laik\u0101 un pied\u0101v\u0101jam risin\u0101jumus klientu specifiskaj\u0101m pras\u012bb\u0101m konkr\u0113taj\u0101 valst\u012b vai starptautiski.<\/p>\n","protected":false},"author":3,"featured_media":605,"parent":0,"menu_order":0,"comment_status":"closed","ping_status":"closed","template":"where-we-work.php","meta":{"_acf_changed":false,"footnotes":""},"class_list":["post-210","page","type-page","status-publish","has-post-thumbnail","hentry"],"acf":[],"_links":{"self":[{"href":"https:\/\/www.3tbaltic.eu\/lv\/wp-json\/wp\/v2\/pages\/210","targetHints":{"allow":["GET"]}}],"collection":[{"href":"https:\/\/www.3tbaltic.eu\/lv\/wp-json\/wp\/v2\/pages"}],"about":[{"href":"https:\/\/www.3tbaltic.eu\/lv\/wp-json\/wp\/v2\/types\/page"}],"author":[{"embeddable":true,"href":"https:\/\/www.3tbaltic.eu\/lv\/wp-json\/wp\/v2\/users\/3"}],"replies":[{"embeddable":true,"href":"https:\/\/www.3tbaltic.eu\/lv\/wp-json\/wp\/v2\/comments?post=210"}],"version-history":[{"count":5,"href":"https:\/\/www.3tbaltic.eu\/lv\/wp-json\/wp\/v2\/pages\/210\/revisions"}],"predecessor-version":[{"id":616,"href":"https:\/\/www.3tbaltic.eu\/lv\/wp-json\/wp\/v2\/pages\/210\/revisions\/616"}],"wp:featuredmedia":[{"embeddable":true,"href":"https:\/\/www.3tbaltic.eu\/lv\/wp-json\/wp\/v2\/media\/605"}],"wp:attachment":[{"href":"https:\/\/www.3tbaltic.eu\/lv\/wp-json\/wp\/v2\/media?parent=210"}],"curies":[{"name":"wp","href":"https:\/\/api.w.org\/{rel}","templated":true}]}}