{"id":395,"date":"2020-08-17T09:19:56","date_gmt":"2020-08-17T09:19:56","guid":{"rendered":"https:\/\/www.3tbaltic.eu\/who-we-are-2\/"},"modified":"2020-08-19T14:16:15","modified_gmt":"2020-08-19T14:16:15","slug":"kas-mes-esam","status":"publish","type":"page","link":"https:\/\/www.3tbaltic.eu\/lv\/kas-mes-esam\/","title":{"rendered":"Kas m\u0113s esam?"},"content":{"rendered":"\n<p>M\u016bsu uz\u0146\u0113mums sniedz pat\u0113ri\u0146a pre\u010du mer\u010dendaizinga pakalpojumus, lai nodro\u0161in\u0101tu m\u016bsu klientu uz\u0146\u0113mumu \u0101tr\u0101ku izaugsmi \u0161aj\u0101 main\u012bgaj\u0101 pasaul\u0113.&nbsp;<\/p>\n\n\n\n<p>M\u0113s rad\u0101m saikni starp pat\u0113r\u0113t\u0101jiem un z\u012bmoliem, starp m\u016bsu klientiem un pirc\u0113jiem, starp izpratni un idej\u0101m, cilv\u0113kiem un iesp\u0113j\u0101m. S\u0101kot ar lielveikalu \u0137\u0113d\u0113m un beidzot ar piem\u0101jas p\u0101rtikas veikali\u0146iem &#8211; m\u0113s esam \u012bstais partneris, kam uztic\u0113t sava projekta \u012bsteno\u0161anu.&nbsp;&nbsp;<\/p>\n","protected":false},"excerpt":{"rendered":"<p>M\u016bsu uz\u0146\u0113mums sniedz pat\u0113ri\u0146a pre\u010du mer\u010dendaizinga pakalpojumus, lai nodro\u0161in\u0101tu m\u016bsu klientu uz\u0146\u0113mumu \u0101tr\u0101ku izaugsmi \u0161aj\u0101 main\u012bgaj\u0101 pasaul\u0113.&nbsp; M\u0113s rad\u0101m saikni starp pat\u0113r\u0113t\u0101jiem un z\u012bmoliem, starp m\u016bsu klientiem un pirc\u0113jiem, starp izpratni un idej\u0101m, cilv\u0113kiem un iesp\u0113j\u0101m. S\u0101kot ar lielveikalu \u0137\u0113d\u0113m un beidzot ar piem\u0101jas p\u0101rtikas veikali\u0146iem &#8211; m\u0113s esam \u012bstais partneris, kam uztic\u0113t sava projekta [&hellip;]<\/p>\n","protected":false},"author":3,"featured_media":181,"parent":0,"menu_order":0,"comment_status":"closed","ping_status":"closed","template":"who-we-are.php","meta":{"_acf_changed":false,"footnotes":""},"class_list":["post-395","page","type-page","status-publish","has-post-thumbnail","hentry"],"acf":[],"_links":{"self":[{"href":"https:\/\/www.3tbaltic.eu\/lv\/wp-json\/wp\/v2\/pages\/395","targetHints":{"allow":["GET"]}}],"collection":[{"href":"https:\/\/www.3tbaltic.eu\/lv\/wp-json\/wp\/v2\/pages"}],"about":[{"href":"https:\/\/www.3tbaltic.eu\/lv\/wp-json\/wp\/v2\/types\/page"}],"author":[{"embeddable":true,"href":"https:\/\/www.3tbaltic.eu\/lv\/wp-json\/wp\/v2\/users\/3"}],"replies":[{"embeddable":true,"href":"https:\/\/www.3tbaltic.eu\/lv\/wp-json\/wp\/v2\/comments?post=395"}],"version-history":[{"count":1,"href":"https:\/\/www.3tbaltic.eu\/lv\/wp-json\/wp\/v2\/pages\/395\/revisions"}],"predecessor-version":[{"id":400,"href":"https:\/\/www.3tbaltic.eu\/lv\/wp-json\/wp\/v2\/pages\/395\/revisions\/400"}],"wp:featuredmedia":[{"embeddable":true,"href":"https:\/\/www.3tbaltic.eu\/lv\/wp-json\/wp\/v2\/media\/181"}],"wp:attachment":[{"href":"https:\/\/www.3tbaltic.eu\/lv\/wp-json\/wp\/v2\/media?parent=395"}],"curies":[{"name":"wp","href":"https:\/\/api.w.org\/{rel}","templated":true}]}}